{"id":245,"date":"2025-09-15T22:44:32","date_gmt":"2025-09-15T20:44:32","guid":{"rendered":"https:\/\/coursewaveinternational.com\/?post_type=product&#038;p=245"},"modified":"2025-09-15T22:48:00","modified_gmt":"2025-09-15T20:48:00","slug":"marketing-digital-integral","status":"publish","type":"product","link":"https:\/\/coursewaveinternational.com\/?product=marketing-digital-integral","title":{"rendered":"Marketing Digital Integral"},"content":{"rendered":"<p>Transforma tu presencia online. Crea campa\u00f1as, conecta con audiencias y convierte ideas en resultados.<br \/>\n\u00bfTe gustar\u00eda aprender a promocionar productos, servicios o tu marca personal en Internet?<br \/>\nEste curso est\u00e1 dise\u00f1ado para que desarrolles habilidades pr\u00e1cticas en marketing digital, incluso si partes desde cero. Con una combinaci\u00f3n de teor\u00eda, herramientas modernas y casos reales, conocer\u00e1s el mundo del marketing como lo aplican las grandes marcas.<\/p>\n<p>\u2705 \u00bfQu\u00e9 aprender\u00e1s?<br \/>\nFundamentos del marketing digital y comportamiento del consumidor online.<br \/>\nC\u00f3mo crear estrategias efectivas para redes sociales.<br \/>\nPublicidad paga en plataformas como Facebook Ads y Google Ads.<br \/>\nEmail marketing: segmentaci\u00f3n, automatizaci\u00f3n y conversi\u00f3n.<br \/>\nSEO y SEM: c\u00f3mo aparecer en los primeros lugares de Google.<br \/>\nM\u00e9tricas y an\u00e1lisis de resultados con Google Analytics y otras herramientas.<br \/>\n\ud83d\udca1 Ideal para:<br \/>\nEmprendedores, freelancers, estudiantes, community managers, o cualquier persona que quiera potenciar su carrera o negocio en el mundo digital.<\/p>\n<p>\ud83d\udee0\ufe0f Proyecto final:<br \/>\nDise\u00f1ar\u00e1s y ejecutar\u00e1s una campa\u00f1a completa para un producto real o ficticio, con planificaci\u00f3n, ejecuci\u00f3n y an\u00e1lisis de resultados.<\/p>\n","protected":false},"excerpt":{"rendered":"<p>Transforma tu presencia online. Crea campa\u00f1as, conecta con audiencias y convierte ideas en resultados.<br \/>\n\u00bfTe gustar\u00eda aprender a promocionar productos, servicios o tu marca personal en Internet?<br \/>\nEste curso est\u00e1 dise\u00f1ado para que desarrolles habilidades pr\u00e1cticas en marketing digital, incluso si partes desde cero. Con una combinaci\u00f3n de teor\u00eda, herramientas modernas y casos reales, conocer\u00e1s el mundo del marketing como lo aplican las grandes marcas.<\/p>\n","protected":false},"featured_media":51,"comment_status":"open","ping_status":"closed","template":"","meta":[],"product_brand":[],"product_cat":[27],"product_tag":[],"class_list":{"0":"post-245","1":"product","2":"type-product","3":"status-publish","4":"has-post-thumbnail","6":"product_cat-marketing-digital","8":"first","9":"instock","10":"downloadable","11":"virtual","12":"purchasable","13":"product-type-simple"},"_links":{"self":[{"href":"https:\/\/coursewaveinternational.com\/index.php?rest_route=\/wp\/v2\/product\/245","targetHints":{"allow":["GET"]}}],"collection":[{"href":"https:\/\/coursewaveinternational.com\/index.php?rest_route=\/wp\/v2\/product"}],"about":[{"href":"https:\/\/coursewaveinternational.com\/index.php?rest_route=\/wp\/v2\/types\/product"}],"replies":[{"embeddable":true,"href":"https:\/\/coursewaveinternational.com\/index.php?rest_route=%2Fwp%2Fv2%2Fcomments&post=245"}],"wp:featuredmedia":[{"embeddable":true,"href":"https:\/\/coursewaveinternational.com\/index.php?rest_route=\/wp\/v2\/media\/51"}],"wp:attachment":[{"href":"https:\/\/coursewaveinternational.com\/index.php?rest_route=%2Fwp%2Fv2%2Fmedia&parent=245"}],"wp:term":[{"taxonomy":"product_brand","embeddable":true,"href":"https:\/\/coursewaveinternational.com\/index.php?rest_route=%2Fwp%2Fv2%2Fproduct_brand&post=245"},{"taxonomy":"product_cat","embeddable":true,"href":"https:\/\/coursewaveinternational.com\/index.php?rest_route=%2Fwp%2Fv2%2Fproduct_cat&post=245"},{"taxonomy":"product_tag","embeddable":true,"href":"https:\/\/coursewaveinternational.com\/index.php?rest_route=%2Fwp%2Fv2%2Fproduct_tag&post=245"}],"curies":[{"name":"wp","href":"https:\/\/api.w.org\/{rel}","templated":true}]}}